{"id":134,"date":"2022-08-22T12:36:10","date_gmt":"2022-08-22T12:36:10","guid":{"rendered":"https:\/\/www.adegagraciosa.com\/product\/meloas\/"},"modified":"2023-01-12T10:12:52","modified_gmt":"2023-01-12T10:12:52","slug":"graciosa-melon","status":"publish","type":"product","link":"https:\/\/www.adegagraciosa.com\/en\/product\/graciosa-melon\/","title":{"rendered":"Graciosa&#8217;s melon"},"content":{"rendered":"<p>The famous Meloa da Graciosa is unique in its characteristics, the sweetest and juiciest of the Azores.<\/p>\n","protected":false},"excerpt":{"rendered":"<p>A Meloa da Graciosa \u00e9 um produto que, na sua \u00e9poca, tem presen\u00e7a marcada na mesa dos a\u00e7orianos.<br \/>\nSeja pelas caracter\u00edsticas organol\u00e9ticas ou pelas propriedades intr\u00ednsecas, a verdade \u00e9 que a meloa que na Graciosa se produz n\u00e3o \u00e9 compar\u00e1vel \u2013 n\u00e3o por ser melhor ou por ser pior \u2013 a qualquer outra meloa conhecida.<\/p>\n","protected":false},"featured_media":792,"template":"","meta":{"_acf_changed":false,"rank_math_lock_modified_date":false},"product_cat":[31,32],"product_tag":[],"class_list":["post-134","product","type-product","status-publish","has-post-thumbnail","hentry","product_cat-products","product_cat-melons","product_shipping_class-produtos"],"acf":[],"_links":{"self":[{"href":"https:\/\/www.adegagraciosa.com\/en\/wp-json\/wp\/v2\/product\/134","targetHints":{"allow":["GET"]}}],"collection":[{"href":"https:\/\/www.adegagraciosa.com\/en\/wp-json\/wp\/v2\/product"}],"about":[{"href":"https:\/\/www.adegagraciosa.com\/en\/wp-json\/wp\/v2\/types\/product"}],"wp:featuredmedia":[{"embeddable":true,"href":"https:\/\/www.adegagraciosa.com\/en\/wp-json\/wp\/v2\/media\/792"}],"wp:attachment":[{"href":"https:\/\/www.adegagraciosa.com\/en\/wp-json\/wp\/v2\/media?parent=134"}],"wp:term":[{"taxonomy":"product_cat","embeddable":true,"href":"https:\/\/www.adegagraciosa.com\/en\/wp-json\/wp\/v2\/product_cat?post=134"},{"taxonomy":"product_tag","embeddable":true,"href":"https:\/\/www.adegagraciosa.com\/en\/wp-json\/wp\/v2\/product_tag?post=134"}],"curies":[{"name":"wp","href":"https:\/\/api.w.org\/{rel}","templated":true}]}}